{"id":16685,"date":"2016-01-11T12:13:55","date_gmt":"2016-01-11T11:13:55","guid":{"rendered":"https:\/\/www.sogaenergyteam.com\/special-projects\/"},"modified":"2025-04-16T14:45:51","modified_gmt":"2025-04-16T12:45:51","slug":"sonderprojekte","status":"publish","type":"page","link":"https:\/\/www.sogaenergyteam.com\/de\/sonderprojekte\/","title":{"rendered":"SONDERPROJEKTE"},"content":{"rendered":"<div id='av_section_1'  class='avia-section av-djwc24-705eddbee53d8b066a0daa06c5794e66 main_color avia-section-default avia-no-shadow  avia-builder-el-0  el_before_av_iconlist  avia-builder-el-first  avia-bg-style-scroll container_wrap fullsize'  ><div class='container av-section-cont-open' ><main  role=\"main\" itemprop=\"mainContentOfPage\"  class='template-page content  av-content-full alpha units'><div class='post-entry post-entry-type-page post-entry-16685'><div class='entry-content-wrapper clearfix'>\n\n<style type=\"text\/css\" data-created_by=\"avia_inline_auto\" id=\"style-css-av-d0jym4-59fc10a13f530e950f1a0b40b8c78b92\">\n.avia-image-container.av-d0jym4-59fc10a13f530e950f1a0b40b8c78b92 img.avia_image{\nbox-shadow:none;\n}\n.avia-image-container.av-d0jym4-59fc10a13f530e950f1a0b40b8c78b92 .av-image-caption-overlay-center{\ncolor:#ffffff;\n}\n<\/style>\n<div  class='avia-image-container av-d0jym4-59fc10a13f530e950f1a0b40b8c78b92 av-styling- avia-align-center  avia-builder-el-1  el_before_av_one_full  avia-builder-el-first '   itemprop=\"image\" itemscope=\"itemscope\" itemtype=\"https:\/\/schema.org\/ImageObject\" ><div class=\"avia-image-container-inner\"><div class=\"avia-image-overlay-wrap\"><img decoding=\"async\" fetchpriority=\"high\" class='wp-image-16214 avia-img-lazy-loading-not-16214 avia_image ' src=\"https:\/\/www.sogaenergyteam.com\/wp-content\/uploads\/2015\/11\/Special_projects.jpg\" alt='' title='Special_projects'  height=\"600\" width=\"1310\"  itemprop=\"thumbnailUrl\" srcset=\"https:\/\/www.sogaenergyteam.com\/wp-content\/uploads\/2015\/11\/Special_projects.jpg 1310w, https:\/\/www.sogaenergyteam.com\/wp-content\/uploads\/2015\/11\/Special_projects-300x137.jpg 300w, https:\/\/www.sogaenergyteam.com\/wp-content\/uploads\/2015\/11\/Special_projects-1030x472.jpg 1030w, https:\/\/www.sogaenergyteam.com\/wp-content\/uploads\/2015\/11\/Special_projects-705x323.jpg 705w, https:\/\/www.sogaenergyteam.com\/wp-content\/uploads\/2015\/11\/Special_projects-450x206.jpg 450w\" sizes=\"(max-width: 1310px) 100vw, 1310px\" \/><\/div><\/div><\/div>\n<div  class='flex_column av-bja3ek-7ae0afd7c5cb1f91cd7b9fd8d2b42639 av_one_full  avia-builder-el-2  el_after_av_image  el_before_av_hr  first flex_column_div  '     ><style type=\"text\/css\" data-created_by=\"avia_inline_auto\" id=\"style-css-av-kgqa8jba-fc41257a9bc40a313019266b0286ac4a\">\n#top .av-special-heading.av-kgqa8jba-fc41257a9bc40a313019266b0286ac4a{\npadding-bottom:0;\nfont-size:50px;\n}\nbody .av-special-heading.av-kgqa8jba-fc41257a9bc40a313019266b0286ac4a .av-special-heading-tag .heading-char{\nfont-size:25px;\n}\n#top #wrap_all .av-special-heading.av-kgqa8jba-fc41257a9bc40a313019266b0286ac4a .av-special-heading-tag{\nfont-size:50px;\n}\n.av-special-heading.av-kgqa8jba-fc41257a9bc40a313019266b0286ac4a .av-subheading{\nfont-size:15px;\n}\n\n@media only screen and (min-width: 480px) and (max-width: 767px){ \n#top #wrap_all .av-special-heading.av-kgqa8jba-fc41257a9bc40a313019266b0286ac4a .av-special-heading-tag{\nfont-size:0.8em;\n}\n}\n\n@media only screen and (max-width: 479px){ \n#top #wrap_all .av-special-heading.av-kgqa8jba-fc41257a9bc40a313019266b0286ac4a .av-special-heading-tag{\nfont-size:0.8em;\n}\n}\n<\/style>\n<div  class='av-special-heading av-kgqa8jba-fc41257a9bc40a313019266b0286ac4a av-special-heading-h1 blockquote modern-quote  avia-builder-el-3  avia-builder-el-no-sibling  av-inherit-size'><h1 class='av-special-heading-tag '  itemprop=\"headline\"  >AUSSERGEW\u00d6HNLICHE L\u00d6SUNGEN<\/h1><div class=\"special-heading-border\"><div class=\"special-heading-inner-border\"><\/div><\/div><\/div><\/div>\n<style type=\"text\/css\" data-created_by=\"avia_inline_auto\" id=\"style-css-av-7vdam4-ebc6ac8c1ea553bfbb3888ea3743afc3\">\n#top .hr.hr-invisible.av-7vdam4-ebc6ac8c1ea553bfbb3888ea3743afc3{\nheight:50px;\n}\n<\/style>\n<div  class='hr av-7vdam4-ebc6ac8c1ea553bfbb3888ea3743afc3 hr-invisible  avia-builder-el-4  el_after_av_one_full  el_before_av_textblock '><span class='hr-inner '><span class=\"hr-inner-style\"><\/span><\/span><\/div>\n<section  class='av_textblock_section av-6k9wnw-4034dfba44de363c62f4d85a3db2be15 '   itemscope=\"itemscope\" itemtype=\"https:\/\/schema.org\/CreativeWork\" ><div class='avia_textblock'  itemprop=\"text\" ><p>Mit unserem jahrzehntelangen Know-how in der Projektplanung und Produktion von rotierenden elektrischen Maschinen in vielf\u00e4ltigen Konfigurationen und f\u00fcr die verschiedensten Anwendungen k\u00f6nnen wir das Unternehmensangebot auf ungew\u00f6hnliche Konstruktionsl\u00f6sungen und Sonderprojekte erweitern, die vollst\u00e4ndig von unserem F&amp;E-Team konzipiert oder in Zusammenarbeit mit unseren Kunden entwickelt werden (auch in Co-Design).<\/p>\n<p><strong>Elektromotoren, Wechselstromgeneratoren und Schwei\u00dfmaschinen mit hohem Innovationsgrad werden neue Marktstandards mit dem h\u00f6chsten Ma\u00df an kundenspezifischer Gestaltung definieren.<\/strong><\/p>\n<p>Wir sind technologischer Partner der OEMs in ihren jeweiligen Branchen und kreieren so exklusive Produkte, die \u00fcber den Begriff einfacher \u201eKomponenten\u201c hinausgehen und zu wahren Triebkr\u00e4ften der Innovation werden.<\/p>\n<p>Herausragende Produkte f\u00fcr die Umsetzung von Maschinenanlagen und Systemen mit unvergleichlichen Eigenschaften.<\/p>\n<\/div><\/section>\n<\/div><\/div><\/main><!-- close content main element --><\/div><\/div><div id='after_section_1'  class='main_color av_default_container_wrap container_wrap fullsize'  ><div class='container av-section-cont-open' ><div class='template-page content  av-content-full alpha units'><div class='post-entry post-entry-type-page post-entry-16685'><div class='entry-content-wrapper clearfix'>\n<div  class='avia-icon-list-container av-4ncroc-9782e7e1b27f3ab604f6e41a8ec708de  avia-builder-el-6  el_after_av_section  avia-builder-el-no-sibling '><ul class='avia-icon-list avia_animate_when_almost_visible avia-icon-list-left av-iconlist-big av-4ncroc-9782e7e1b27f3ab604f6e41a8ec708de avia-iconlist-animate'>\n<li><div class='iconlist_icon av-afc1o-e13e358322136af732bbaebdd9b27f80 avia-font-entypo-fontello avia-iconfont avia-font-entypo-fontello'><span class='av-icon-char' data-av_icon='\ue81e' data-av_iconfont='entypo-fontello' aria-hidden=\"true\"><\/span><\/div><article class=\"article-icon-entry \"  itemscope=\"itemscope\" itemtype=\"https:\/\/schema.org\/CreativeWork\" ><div class=\"iconlist_content_wrap\"><header class=\"entry-content-header\" aria-label=\"Icon: HAVE A LOOK AT OUR HIGH-EFFICIENCY PRODUCTS\"><h4 class='av_iconlist_title iconlist_title  '  itemprop=\"headline\" >HAVE A LOOK AT OUR HIGH-EFFICIENCY PRODUCTS<\/h4><\/header><div class='iconlist_content '  itemprop=\"text\" ><p><a href=\"https:\/\/www.sogaenergyteam.com\/wp-content\/uploads\/2023\/07\/2.2023-EVENT-CATALOGUE-K.EY_.pdf\" target=\"_blank\" rel=\"noopener\">SPECIAL GENERATORS AND MOTORS<\/a><\/p>\n<\/div><\/div><footer class=\"entry-footer\"><\/footer><\/article><div class=\"iconlist-timeline\"><\/div><\/li>\n<\/ul><\/div>\n","protected":false},"excerpt":{"rendered":"","protected":false},"author":1,"featured_media":0,"parent":0,"menu_order":0,"comment_status":"closed","ping_status":"closed","template":"","meta":{"footnotes":""},"class_list":["post-16685","page","type-page","status-publish","hentry"],"yoast_head":"<!-- This site is optimized with the Yoast SEO plugin v27.1.1 - https:\/\/yoast.com\/product\/yoast-seo-wordpress\/ -->\n<title>SONDERPROJEKTE - www.sogaenergyteam.com<\/title>\n<meta name=\"description\" content=\"Soga Energy Team sonderprojekte\" \/>\n<meta name=\"robots\" content=\"index, follow, max-snippet:-1, max-image-preview:large, max-video-preview:-1\" \/>\n<link rel=\"canonical\" href=\"https:\/\/www.sogaenergyteam.com\/de\/sonderprojekte\/\" \/>\n<meta property=\"og:locale\" content=\"de_DE\" \/>\n<meta property=\"og:type\" content=\"article\" \/>\n<meta property=\"og:title\" content=\"SONDERPROJEKTE - www.sogaenergyteam.com\" \/>\n<meta property=\"og:description\" content=\"Soga Energy Team sonderprojekte\" \/>\n<meta property=\"og:url\" content=\"https:\/\/www.sogaenergyteam.com\/de\/sonderprojekte\/\" \/>\n<meta property=\"og:site_name\" content=\"www.sogaenergyteam.com\" \/>\n<meta property=\"article:modified_time\" content=\"2025-04-16T12:45:51+00:00\" \/>\n<meta name=\"twitter:card\" content=\"summary_large_image\" \/>\n<meta name=\"twitter:label1\" content=\"Gesch\u00e4tzte Lesezeit\" \/>\n\t<meta name=\"twitter:data1\" content=\"1\u00a0Minute\" \/>\n<script type=\"application\/ld+json\" class=\"yoast-schema-graph\">{\"@context\":\"https:\/\/schema.org\",\"@graph\":[{\"@type\":\"WebPage\",\"@id\":\"https:\/\/www.sogaenergyteam.com\/de\/sonderprojekte\/\",\"url\":\"https:\/\/www.sogaenergyteam.com\/de\/sonderprojekte\/\",\"name\":\"SONDERPROJEKTE - www.sogaenergyteam.com\",\"isPartOf\":{\"@id\":\"https:\/\/www.sogaenergyteam.com\/it\/#website\"},\"datePublished\":\"2016-01-11T11:13:55+00:00\",\"dateModified\":\"2025-04-16T12:45:51+00:00\",\"description\":\"Soga Energy Team sonderprojekte\",\"breadcrumb\":{\"@id\":\"https:\/\/www.sogaenergyteam.com\/de\/sonderprojekte\/#breadcrumb\"},\"inLanguage\":\"de\",\"potentialAction\":[{\"@type\":\"ReadAction\",\"target\":[\"https:\/\/www.sogaenergyteam.com\/de\/sonderprojekte\/\"]}]},{\"@type\":\"BreadcrumbList\",\"@id\":\"https:\/\/www.sogaenergyteam.com\/de\/sonderprojekte\/#breadcrumb\",\"itemListElement\":[{\"@type\":\"ListItem\",\"position\":1,\"name\":\"Home\",\"item\":\"https:\/\/www.sogaenergyteam.com\/de\/home\/\"},{\"@type\":\"ListItem\",\"position\":2,\"name\":\"SONDERPROJEKTE\"}]},{\"@type\":\"WebSite\",\"@id\":\"https:\/\/www.sogaenergyteam.com\/it\/#website\",\"url\":\"https:\/\/www.sogaenergyteam.com\/it\/\",\"name\":\"www.sogaenergyteam.com\",\"description\":\"motori elettrici alternatori\",\"potentialAction\":[{\"@type\":\"SearchAction\",\"target\":{\"@type\":\"EntryPoint\",\"urlTemplate\":\"https:\/\/www.sogaenergyteam.com\/it\/?s={search_term_string}\"},\"query-input\":{\"@type\":\"PropertyValueSpecification\",\"valueRequired\":true,\"valueName\":\"search_term_string\"}}],\"inLanguage\":\"de\"}]}<\/script>\n<!-- \/ Yoast SEO plugin. -->","yoast_head_json":{"title":"SONDERPROJEKTE - www.sogaenergyteam.com","description":"Soga Energy Team sonderprojekte","robots":{"index":"index","follow":"follow","max-snippet":"max-snippet:-1","max-image-preview":"max-image-preview:large","max-video-preview":"max-video-preview:-1"},"canonical":"https:\/\/www.sogaenergyteam.com\/de\/sonderprojekte\/","og_locale":"de_DE","og_type":"article","og_title":"SONDERPROJEKTE - www.sogaenergyteam.com","og_description":"Soga Energy Team sonderprojekte","og_url":"https:\/\/www.sogaenergyteam.com\/de\/sonderprojekte\/","og_site_name":"www.sogaenergyteam.com","article_modified_time":"2025-04-16T12:45:51+00:00","twitter_card":"summary_large_image","twitter_misc":{"Gesch\u00e4tzte Lesezeit":"1\u00a0Minute"},"schema":{"@context":"https:\/\/schema.org","@graph":[{"@type":"WebPage","@id":"https:\/\/www.sogaenergyteam.com\/de\/sonderprojekte\/","url":"https:\/\/www.sogaenergyteam.com\/de\/sonderprojekte\/","name":"SONDERPROJEKTE - www.sogaenergyteam.com","isPartOf":{"@id":"https:\/\/www.sogaenergyteam.com\/it\/#website"},"datePublished":"2016-01-11T11:13:55+00:00","dateModified":"2025-04-16T12:45:51+00:00","description":"Soga Energy Team sonderprojekte","breadcrumb":{"@id":"https:\/\/www.sogaenergyteam.com\/de\/sonderprojekte\/#breadcrumb"},"inLanguage":"de","potentialAction":[{"@type":"ReadAction","target":["https:\/\/www.sogaenergyteam.com\/de\/sonderprojekte\/"]}]},{"@type":"BreadcrumbList","@id":"https:\/\/www.sogaenergyteam.com\/de\/sonderprojekte\/#breadcrumb","itemListElement":[{"@type":"ListItem","position":1,"name":"Home","item":"https:\/\/www.sogaenergyteam.com\/de\/home\/"},{"@type":"ListItem","position":2,"name":"SONDERPROJEKTE"}]},{"@type":"WebSite","@id":"https:\/\/www.sogaenergyteam.com\/it\/#website","url":"https:\/\/www.sogaenergyteam.com\/it\/","name":"www.sogaenergyteam.com","description":"motori elettrici alternatori","potentialAction":[{"@type":"SearchAction","target":{"@type":"EntryPoint","urlTemplate":"https:\/\/www.sogaenergyteam.com\/it\/?s={search_term_string}"},"query-input":{"@type":"PropertyValueSpecification","valueRequired":true,"valueName":"search_term_string"}}],"inLanguage":"de"}]}},"_links":{"self":[{"href":"https:\/\/www.sogaenergyteam.com\/de\/wp-json\/wp\/v2\/pages\/16685","targetHints":{"allow":["GET"]}}],"collection":[{"href":"https:\/\/www.sogaenergyteam.com\/de\/wp-json\/wp\/v2\/pages"}],"about":[{"href":"https:\/\/www.sogaenergyteam.com\/de\/wp-json\/wp\/v2\/types\/page"}],"author":[{"embeddable":true,"href":"https:\/\/www.sogaenergyteam.com\/de\/wp-json\/wp\/v2\/users\/1"}],"replies":[{"embeddable":true,"href":"https:\/\/www.sogaenergyteam.com\/de\/wp-json\/wp\/v2\/comments?post=16685"}],"version-history":[{"count":5,"href":"https:\/\/www.sogaenergyteam.com\/de\/wp-json\/wp\/v2\/pages\/16685\/revisions"}],"predecessor-version":[{"id":32289,"href":"https:\/\/www.sogaenergyteam.com\/de\/wp-json\/wp\/v2\/pages\/16685\/revisions\/32289"}],"wp:attachment":[{"href":"https:\/\/www.sogaenergyteam.com\/de\/wp-json\/wp\/v2\/media?parent=16685"}],"curies":[{"name":"wp","href":"https:\/\/api.w.org\/{rel}","templated":true}]}}