{"id":16722,"date":"2015-10-28T13:52:14","date_gmt":"2015-10-28T12:52:14","guid":{"rendered":"https:\/\/www.sogaenergyteam.com\/general-terms-of-supply\/"},"modified":"2024-06-03T15:11:09","modified_gmt":"2024-06-03T13:11:09","slug":"allgemeine-geschaftsbedingunengen","status":"publish","type":"page","link":"https:\/\/www.sogaenergyteam.com\/de\/allgemeine-geschaftsbedingunengen\/","title":{"rendered":"Allgemeine geschaftsbedingunengen"},"content":{"rendered":"<div  class='flex_column av-e8co7-0bb03db9befa203219530aae9cf6272e av_one_full  avia-builder-el-0  avia-builder-el-no-sibling  first flex_column_div  '     ><section  class='av_textblock_section av-84jv3-c571dbafd97f820f2aa84b702d10e81f '   itemscope=\"itemscope\" itemtype=\"https:\/\/schema.org\/CreativeWork\" ><div class='avia_textblock'  itemprop=\"text\" ><h2><strong>ALLGEMEINE GESCHAFTSBEDINGUNENGEN<\/strong><\/h2>\n<\/div><\/section><br \/>\n<div  class='hr av-9a5jr-c13c160356068a589d28d3c7d73021dd hr-default  avia-builder-el-2  el_after_av_textblock  el_before_av_textblock '><span class='hr-inner '><span class=\"hr-inner-style\"><\/span><\/span><\/div><br \/>\n<section  class='av_textblock_section av-84jv3-1-441c6a61dd99f0bdea2042f5f335aed5 '   itemscope=\"itemscope\" itemtype=\"https:\/\/schema.org\/CreativeWork\" ><div class='avia_textblock'  itemprop=\"text\" ><p><strong>\u00a01. A<\/strong><strong>NGEBOTE<\/strong><\/p>\n<p>Kommerzielle Angebote sind ab Versanddatum 30 Tage g\u00fcltig, danach sind sie f\u00fcr SOGA nicht mehr bindend.<\/p>\n<p><strong>2. ANNAHME UND BEST\u00c4TIGUNG VON BESTELLUNGEN<br \/>\n<\/strong><\/p>\n<p>Um die einwandfreie Bestellaufnahme durch die Verkaufsabteilung von SOGA zu erleichtern, empfehlen wir, Bestellungen zu senden, in denen die gew\u00fcnschte Konfiguration der Produkte so vollst\u00e4ndig und klar wie m\u00f6glich angegeben ist (Modell, Leistung, Konstruktionsform, Paneele, mit der Maschine geliefertes Zubeh\u00f6r), besondere Eigenschaften und Spannungen und die Eigenschaften der Ersatzteile. <span class=\"HwtZe\" lang=\"de\"><span class=\"jCAhz JxVs2d ChMk0b\"><span class=\"ryNqvb\">Sobald die schriftliche Auftragsbest\u00e4tigung von SOGA ausgestellt und per E-Mail an den Kunden gesendet wurde, gelten die Bestellungen als unwiderruflich und die Lieferbedingungen von SOGA sind verbindlich und werden automatisch akzeptiert. <\/span><\/span><\/span> Wir empfehlen au\u00dferdem, die erhaltene Auftragsbest\u00e4tigung (Maschineneigenschaften und Gesch\u00e4ftsbedingungen) zu \u00fcberpr\u00fcfen, um Unstimmigkeiten innerhalb von 2 Tagen nach Erhalt an unsere Verkaufsabteilung zu \u00fcbermitteln.<\/p>\n<p><strong>3. PREISE UND RABATTE<br \/>\n<\/strong><\/p>\n<p>Der Mindestbestellwert betr\u00e4gt \u20ac 150,00 netto, sowohl f\u00fcr Fertigprodukte als auch f\u00fcr Ersatzteile. Jegliche Preisabrundungen beziehungsweise Preisreduzierungen sind nur nach vorheriger Genehmigung durch SOGA zul\u00e4ssig. Die angebotenen Preise enthalten keine Mehrwertsteuer. Rabatte werden auf die Listenpreise angewendet, wobei die von SOGA festgelegten Standardkonditionen des Kunden stets ber\u00fccksichtigt werden. Spezielle Nettopreise, Rabatte und zus\u00e4tzliche Skonti k\u00f6nnen nur mit vorheriger schriftlicher Genehmigung von SOGA angewendet werden. SOGA beh\u00e4lt sich das Recht vor, seine Preislisten jederzeit ohne vorherige Ank\u00fcndigung zu \u00e4ndern oder zu aktualisieren.<\/p>\n<p><strong>4. LIEFERDATUM<\/strong><\/p>\n<p>Die in der Auftragsbest\u00e4tigung angegebenen Lieferbedingungen sind als Richtwerte gedacht, da Verz\u00f6gerungen bei der Lieferung durch SOGA auf folgende Gr\u00fcnde zur\u00fcckzuf\u00fchren sein k\u00f6nnen:<br \/>\n1) Ursachen h\u00f6herer Gewalt wie Streiks, Br\u00e4nde, Stromausf\u00e4lle und andere zuf\u00e4llige Ereignisse, die nicht auf den Willen des Unternehmens zur\u00fcckzuf\u00fchren sind;<br \/>\n2) Verz\u00f6gerungen unserer Lieferanten und Schwierigkeiten bei der Beschaffung von Rohstoffen;<br \/>\n3) Fehler oder Verz\u00f6gerungen bei der Meldung durch den Kunden und in der \u00dcbermittlung der f\u00fcr die Ausf\u00fchrung der Bestellung erforderlichen Informationen;<br \/>\n4) Nachtr\u00e4gliche \u00c4nderungen der Bestellung des Kunden nach Ausstellung der Auftragsbest\u00e4tigung;<br \/>\n5) Nichterf\u00fcllung der Zahlungsbedingungen durch den Kunden oder dessen finanzielles Risiko, welches von SOGA als nicht mehr vertretbar beurteilt wird.<br \/>\nIm Falle einer Verz\u00f6gerung wird dem Kunden keine Vertragsstrafe gezahlt. Die Ware gilt als geliefert, wenn sie dem Kunden zur Abholung Verf\u00fcgung gestellt oder dem Frachtf\u00fchrer bzw. dem Spediteur zur Auslieferung \u00fcbergeben wird.<\/p>\n<p><strong>5. VERPACKUNG<\/strong><\/p>\n<p>Die Listenpreise beinhalten Standardverpackungen, die SOGA f\u00fcr seine Produkte und Ersatzteile mitliefert, deren Abmessungen und Gewicht von SOGA im Voraus festgelegt wurden. Alle unsere Paletten und Kisten sind begast. Vom Kunden abweichende Verpackungsanforderung, die nicht dem Standard entsprechen, werden in Rechnung gestellt.<\/p>\n<p><strong>6. LIEFERBEDINGUNGEN<br \/>\n<\/strong><\/p>\n<p>Der Versand der Waren an den Kunden erfolgt auf der Grundlage der zwischen SOGA und dem Kunden w\u00e4hrend der kommerziellen Angebotsphase vereinbarten Incoterms\u00ae 2020 oder auf der Grundlage der dem Kunden vorbehaltenen Standard-Gesch\u00e4ftsbedingungen. Abweichende oder spezifische R\u00fccksendungen m\u00fcssen immer im Voraus vereinbart oder genehmigt werden. Sch\u00e4den, M\u00e4ngel oder Manipulationen am erhaltenen Material m\u00fcssen vom Empf\u00e4nger unverz\u00fcglich direkt beim Spediteur (bei Versand mit FCA-R\u00fccksendung) oder direkt bei SOGA (bei Versand auf unsere Kosten) gemeldet werden. F\u00fcr den Fall, dass nach Erhalt der Ware ein Austausch oder eine Abweichung zwischen den Modellen und \/ oder den bestellten und erhaltenen Mengen auftritt, kontaktieren Sie uns bitte schriftlich unter: \u00a0sales.soga@sogaenergyteam.com (Produkte von Soga und Sogaenergies) sales.sincro@sogaenergyteam .com (Sincro- und Agrowatt-Produkte).<\/p>\n<p><strong><br \/>\n<\/strong><strong>\u00a0<\/strong><strong>7. ZAHLUNGSBEDINGUNGEN<br \/>\n<\/strong><\/p>\n<p>Nach Ausstellung der Rechnung muss die Zahlung auf der Grundlage der in der Rechnung selbst festgelegten Zahlungsbedingungen direkt an SOGA erfolgen. Versp\u00e4tete Zahlungen sind nicht zul\u00e4ssig. Im Falle einer versp\u00e4teten oder nicht erfolgten Zahlung beh\u00e4lt sich SOGA das Recht vor, die Produktion einzustellen und \/ oder die Lieferung von Waren zu blockieren, die m\u00f6glicherweise noch in Ordnung sind, und Zinsen in H\u00f6he von 5% pro Jahr \u00fcber dem zum Zeitpunkt der F\u00e4lligkeit geltenden offiziellen Abzinsungssatzes zu berechnen.<\/p>\n<p><strong>8. KUNDENSERVICE<br \/>\n<\/strong><\/p>\n<p>Der SOGA Kundenservice bietet umfassende technische Beratung. Stellen Sie bei Garantieanfragen sicher, dass Sie die Identifikationsdaten der Maschine, die Seriennummer und die Fertigungsauftragsnummer des Typenschildes vorliegen haben. Die Liste der autorisierten Hilfezentren finden Sie auf der Website www.sogaenergyteam.com. Im Falle von Ausf\u00e4llen oder Fehlfunktionen von SOGA-Produkten wird der Kunde gebeten, sich unter der Telefonnummer +39 0444 747700 (Produkte von Soga und Sogaenergies) oder +39 0445 450500 (Produkte von Sincro und Agrowatt) an den Kundendienst zu wenden. Wenn nach diesem Kontakt das Produkt zur\u00fcckgesandt werden muss, stellt der SOGA Kundendienst dem Kunden eine RMA-Nummer (f\u00fcr autorisiertes R\u00fcckgabematerial) zur Verf\u00fcgung, welche auf dem Material beigef\u00fcgten Dokumenten angegeben werden muss. Produkte, die ohne Durchf\u00fchrung des beschriebenen Verfahrens zur\u00fcckgesandt wurden, werden vom Annahmelager an den Absender zur\u00fcckgewiesen. Bevor wir mit den Reparaturarbeiten fortfahren, wird noch ein Kostenvoranschlag \u00fcbermittelt und die Genehmigung des Kunden eingeholt.<\/p>\n<p><strong>9. R\u00dcCKGABE VON REPARATURWAREN<br \/>\n<\/strong><\/p>\n<p>Die R\u00fccksendung erfolgt ausschlie\u00dflich auf Kosten und Risiko des Kunden, unabh\u00e4ngig von der Gew\u00e4hrleistung der Garantie. Stellen Sie sicher, dass die Maschinen ordentlich und sauber sind. Es wird empfohlen, das Material in einer geeigneten Verpackung zur\u00fcckzugeben und das Produkt vor St\u00f6\u00dfen zu sch\u00fctzen.<\/p>\n<p><strong>10. GARANTIE<br \/>\n<\/strong><\/p>\n<p>SOGA erteilt die Produktgarantie gegen Ausf\u00e4lle oder Fehlfunktionen, die auf die folgenden Konstruktions- oder Materialfehler zur\u00fcckzuf\u00fchren sind: Die Generatoren und Motoren haben eine Garantie von 18 Monaten ab Rechnungsdatum oder 12 Monate ab dem Datum der ersten Inbetriebnahme, je nachdem, welche der beiden zuerst erfolgt; Agrowatt-Generatoren haben ab Rechnungsdatum eine Gew\u00e4hrleistung von 24 Monaten. Es ist zu beachten, dass eine Garantie nur an direkte SOGA-Kunden gerichtet ist. SOGA erkennt die Garantie nicht direkt gegen\u00fcber Personen an, die, obwohl sie im Besitz ihrer Produkte sind, diese nicht direkt bei SOGA gekauft haben. Innerhalb der vorgenannten Fristen verpflichtet sich SOGA, kostenlose Ersatzteile der Teile zu liefern, die nach Ansicht von SOGA oder seines Bevollm\u00e4chtigten Herstellungs- oder Materialfehler aufweisen, oder nach Ansicht von SOGA die Reparatur direkt oder mittels autorisierter Werkst\u00e4tten ohne \u00dcbernahme von Transportkosten. Jede andere Form der Haftung oder Verpflichtung f\u00fcr andere Kosten, Sch\u00e4den und direkte oder indirekte Verluste, die sich aus der vollst\u00e4ndigen oder teilweisen Verwendung oder Nichtverwendbarkeit der Produkte ergeben, ist jedoch ausgeschlossen. Die Reparatur- oder Ersatzlieferung verl\u00e4ngert oder erneuert die Garantiezeit nicht. Die Garantie erlischt: Wenn Probleme oder Ausf\u00e4lle aufgrund von Unerfahrenheit auftreten, bei Verwendung \u00fcber die Grenzen der Nennleistung hinaus, wenn das Produkt \u00c4nderungen unterzogen wurde oder wenn es zerlegt oder mit ge\u00e4ndertem oder manipuliertem Typenschild zur\u00fcckgesandt werden sollte.<\/p>\n<p><strong>11. VERWENDUNG VON MARKEN<\/strong><strong><br \/>\n<\/strong><\/p>\n<p>SOGA ist Inhaber der eingetragenen Marken SOGA\u00ae, SINCRO\u00ae, AGROWATT\u00ae und besitzt daher alle Rechte in Bezug auf jede Art der Nutzung. Nur SOGA-Kunden und Handelspartner d\u00fcrfen die oben genannten Marken und zugeh\u00f6rigen Logos verwenden, jedoch ausschlie\u00dflich zur Werbung f\u00fcr die Originalprodukte von Soga SpA, auf die sich die Marken beziehen, und in jedem Fall innerhalb der gesetzlich festgelegten Grenzen und vorbehaltlich der SOGA-Genehmigung. SOGA verbietet die Registrierung von Domains und Websites, die sich auf seine Marken beziehen, ohne vorherige schriftliche Genehmigung und beh\u00e4lt sich das Recht vor, diese im eigenen Namen zu registrieren. Die missbr\u00e4uchliche Verwendung einer der oben genannten eingetragenen Marken und in erster Linie die Verwendung derselben zur Nutzung der Werbung f\u00fcr Wettbewerbsprodukte f\u00fchrt zu schwerwiegenden Schutzma\u00dfnahmen von SOGA.<\/p>\n<p><strong>12. GERICHTSSTAND UND ANWENDBARES RECHT<br \/>\n<\/strong><\/p>\n<p>Die allgemeinen Lieferbedingungen unterliegen italienischem Recht. Streitigkeiten werden vom Richter des Ortes beigelegt, an dem sich der Sitz der Firma SOGA befindet. Die territoriale Zust\u00e4ndigkeit liegt ausschlie\u00dflich beim Gerichtshof von Vicenza, Italien.<\/p>\n<h3><strong><span class=\"HwtZe\" lang=\"de\"><span class=\"jCAhz JxVs2d ChMk0b\"><span class=\"ryNqvb\">Bestandteil der Lieferbedingungen<\/span><\/span><\/span>:<\/strong><\/h3>\n<h3><strong><span class=\"HwtZe\" lang=\"de\"><span class=\"jCAhz JxVs2d ChMk0b\"><span class=\"ryNqvb\">EUROP\u00c4ISCHE SANKTIONEN GEGEN RUSSLAND<\/span><\/span><\/span><\/strong><\/h3>\n<p><span class=\"HwtZe\" lang=\"de\"><span class=\"jCAhz JxVs2d ChMk0b\"><span class=\"ryNqvb\">1. Die Produkte von SOGA SpA unterliegen den EU-Sanktionen gegen Russland gem\u00e4\u00df der Verordnung (EU) 833\/2014, einschlie\u00dflich, aber nicht beschr\u00e4nkt auf Art. 3k in Verbindung mit Anhang XXIII der Verordnung, Art. 12g der Verordnung. <\/span><\/span><\/span><\/p>\n<p><span class=\"HwtZe\" lang=\"de\"><span class=\"jCAhz JxVs2d ChMk0b\"><span class=\"ryNqvb\">2. Der Importeur\/K\u00e4ufer darf keine von SOGA SpA gelieferten Waren direkt oder indirekt nach Russland und Wei\u00dfrussland verkaufen, exportieren oder reexportieren oder zur Verwendung in Russland oder Wei\u00dfrussland verwenden. <\/span><\/span><\/span><\/p>\n<p><span class=\"HwtZe\" lang=\"de\"><span class=\"jCAhz JxVs2d ChMk0b\"><span class=\"ryNqvb\">3. Im Falle eines Versto\u00dfes gegen EU-Sanktionen stellt der Importeur\/K\u00e4ufer SOGA SpA von allen Anspr\u00fcchen, Verfahren, Klagen, Bu\u00dfgeldern, Verlusten, Kosten und Sch\u00e4den frei, die aus einer schuldhaften Verletzung der oben genannten Verpflichtungen entstehen oder damit in Zusammenhang stehen. Der Importeur\/K\u00e4ufer entsch\u00e4digt SOGA SpA f\u00fcr alle daraus resultierenden Verluste und Aufwendungen, insbesondere die Kosten und Aufwendungen einer m\u00f6glichen Rechtsverteidigung sowie etwaige von Beh\u00f6rden verh\u00e4ngte Bu\u00dfgelder oder Strafen.<\/span><\/span> <span class=\"jCAhz JxVs2d ChMk0b\"><span class=\"ryNqvb\">Eine Umkehr der Beweislast ist mit dieser Regelung nicht verbunden.<\/span><\/span><\/span><\/p>\n<\/div><\/section><\/p><\/div>\n","protected":false},"excerpt":{"rendered":"","protected":false},"author":1,"featured_media":0,"parent":0,"menu_order":0,"comment_status":"closed","ping_status":"closed","template":"","meta":{"footnotes":""},"class_list":["post-16722","page","type-page","status-publish","hentry"],"yoast_head":"<!-- This site is optimized with the Yoast SEO plugin v27.1.1 - https:\/\/yoast.com\/product\/yoast-seo-wordpress\/ -->\n<title>Allgemeine geschaftsbedingunengen - www.sogaenergyteam.com<\/title>\n<meta name=\"robots\" content=\"index, follow, max-snippet:-1, max-image-preview:large, max-video-preview:-1\" \/>\n<link rel=\"canonical\" href=\"https:\/\/www.sogaenergyteam.com\/de\/allgemeine-geschaftsbedingunengen\/\" \/>\n<meta property=\"og:locale\" content=\"de_DE\" \/>\n<meta property=\"og:type\" content=\"article\" \/>\n<meta property=\"og:title\" content=\"Allgemeine geschaftsbedingunengen - www.sogaenergyteam.com\" \/>\n<meta property=\"og:url\" content=\"https:\/\/www.sogaenergyteam.com\/de\/allgemeine-geschaftsbedingunengen\/\" \/>\n<meta property=\"og:site_name\" content=\"www.sogaenergyteam.com\" \/>\n<meta property=\"article:modified_time\" content=\"2024-06-03T13:11:09+00:00\" \/>\n<meta name=\"twitter:card\" content=\"summary_large_image\" \/>\n<meta name=\"twitter:label1\" content=\"Gesch\u00e4tzte Lesezeit\" \/>\n\t<meta name=\"twitter:data1\" content=\"6\u00a0Minuten\" \/>\n<script type=\"application\/ld+json\" class=\"yoast-schema-graph\">{\"@context\":\"https:\/\/schema.org\",\"@graph\":[{\"@type\":\"WebPage\",\"@id\":\"https:\/\/www.sogaenergyteam.com\/de\/allgemeine-geschaftsbedingunengen\/\",\"url\":\"https:\/\/www.sogaenergyteam.com\/de\/allgemeine-geschaftsbedingunengen\/\",\"name\":\"Allgemeine geschaftsbedingunengen - www.sogaenergyteam.com\",\"isPartOf\":{\"@id\":\"https:\/\/www.sogaenergyteam.com\/it\/#website\"},\"datePublished\":\"2015-10-28T12:52:14+00:00\",\"dateModified\":\"2024-06-03T13:11:09+00:00\",\"breadcrumb\":{\"@id\":\"https:\/\/www.sogaenergyteam.com\/de\/allgemeine-geschaftsbedingunengen\/#breadcrumb\"},\"inLanguage\":\"de\",\"potentialAction\":[{\"@type\":\"ReadAction\",\"target\":[\"https:\/\/www.sogaenergyteam.com\/de\/allgemeine-geschaftsbedingunengen\/\"]}]},{\"@type\":\"BreadcrumbList\",\"@id\":\"https:\/\/www.sogaenergyteam.com\/de\/allgemeine-geschaftsbedingunengen\/#breadcrumb\",\"itemListElement\":[{\"@type\":\"ListItem\",\"position\":1,\"name\":\"Home\",\"item\":\"https:\/\/www.sogaenergyteam.com\/de\/home\/\"},{\"@type\":\"ListItem\",\"position\":2,\"name\":\"Allgemeine geschaftsbedingunengen\"}]},{\"@type\":\"WebSite\",\"@id\":\"https:\/\/www.sogaenergyteam.com\/it\/#website\",\"url\":\"https:\/\/www.sogaenergyteam.com\/it\/\",\"name\":\"www.sogaenergyteam.com\",\"description\":\"motori elettrici alternatori\",\"potentialAction\":[{\"@type\":\"SearchAction\",\"target\":{\"@type\":\"EntryPoint\",\"urlTemplate\":\"https:\/\/www.sogaenergyteam.com\/it\/?s={search_term_string}\"},\"query-input\":{\"@type\":\"PropertyValueSpecification\",\"valueRequired\":true,\"valueName\":\"search_term_string\"}}],\"inLanguage\":\"de\"}]}<\/script>\n<!-- \/ Yoast SEO plugin. -->","yoast_head_json":{"title":"Allgemeine geschaftsbedingunengen - www.sogaenergyteam.com","robots":{"index":"index","follow":"follow","max-snippet":"max-snippet:-1","max-image-preview":"max-image-preview:large","max-video-preview":"max-video-preview:-1"},"canonical":"https:\/\/www.sogaenergyteam.com\/de\/allgemeine-geschaftsbedingunengen\/","og_locale":"de_DE","og_type":"article","og_title":"Allgemeine geschaftsbedingunengen - www.sogaenergyteam.com","og_url":"https:\/\/www.sogaenergyteam.com\/de\/allgemeine-geschaftsbedingunengen\/","og_site_name":"www.sogaenergyteam.com","article_modified_time":"2024-06-03T13:11:09+00:00","twitter_card":"summary_large_image","twitter_misc":{"Gesch\u00e4tzte Lesezeit":"6\u00a0Minuten"},"schema":{"@context":"https:\/\/schema.org","@graph":[{"@type":"WebPage","@id":"https:\/\/www.sogaenergyteam.com\/de\/allgemeine-geschaftsbedingunengen\/","url":"https:\/\/www.sogaenergyteam.com\/de\/allgemeine-geschaftsbedingunengen\/","name":"Allgemeine geschaftsbedingunengen - www.sogaenergyteam.com","isPartOf":{"@id":"https:\/\/www.sogaenergyteam.com\/it\/#website"},"datePublished":"2015-10-28T12:52:14+00:00","dateModified":"2024-06-03T13:11:09+00:00","breadcrumb":{"@id":"https:\/\/www.sogaenergyteam.com\/de\/allgemeine-geschaftsbedingunengen\/#breadcrumb"},"inLanguage":"de","potentialAction":[{"@type":"ReadAction","target":["https:\/\/www.sogaenergyteam.com\/de\/allgemeine-geschaftsbedingunengen\/"]}]},{"@type":"BreadcrumbList","@id":"https:\/\/www.sogaenergyteam.com\/de\/allgemeine-geschaftsbedingunengen\/#breadcrumb","itemListElement":[{"@type":"ListItem","position":1,"name":"Home","item":"https:\/\/www.sogaenergyteam.com\/de\/home\/"},{"@type":"ListItem","position":2,"name":"Allgemeine geschaftsbedingunengen"}]},{"@type":"WebSite","@id":"https:\/\/www.sogaenergyteam.com\/it\/#website","url":"https:\/\/www.sogaenergyteam.com\/it\/","name":"www.sogaenergyteam.com","description":"motori elettrici alternatori","potentialAction":[{"@type":"SearchAction","target":{"@type":"EntryPoint","urlTemplate":"https:\/\/www.sogaenergyteam.com\/it\/?s={search_term_string}"},"query-input":{"@type":"PropertyValueSpecification","valueRequired":true,"valueName":"search_term_string"}}],"inLanguage":"de"}]}},"_links":{"self":[{"href":"https:\/\/www.sogaenergyteam.com\/de\/wp-json\/wp\/v2\/pages\/16722","targetHints":{"allow":["GET"]}}],"collection":[{"href":"https:\/\/www.sogaenergyteam.com\/de\/wp-json\/wp\/v2\/pages"}],"about":[{"href":"https:\/\/www.sogaenergyteam.com\/de\/wp-json\/wp\/v2\/types\/page"}],"author":[{"embeddable":true,"href":"https:\/\/www.sogaenergyteam.com\/de\/wp-json\/wp\/v2\/users\/1"}],"replies":[{"embeddable":true,"href":"https:\/\/www.sogaenergyteam.com\/de\/wp-json\/wp\/v2\/comments?post=16722"}],"version-history":[{"count":6,"href":"https:\/\/www.sogaenergyteam.com\/de\/wp-json\/wp\/v2\/pages\/16722\/revisions"}],"predecessor-version":[{"id":29947,"href":"https:\/\/www.sogaenergyteam.com\/de\/wp-json\/wp\/v2\/pages\/16722\/revisions\/29947"}],"wp:attachment":[{"href":"https:\/\/www.sogaenergyteam.com\/de\/wp-json\/wp\/v2\/media?parent=16722"}],"curies":[{"name":"wp","href":"https:\/\/api.w.org\/{rel}","templated":true}]}}