{"id":17177,"date":"2015-10-27T17:16:37","date_gmt":"2015-10-27T16:16:37","guid":{"rendered":"https:\/\/www.sogaenergyteam.com\/today\/vision-mission-values\/"},"modified":"2024-10-09T16:30:21","modified_gmt":"2024-10-09T14:30:21","slug":"vision-mission-werte","status":"publish","type":"page","link":"https:\/\/www.sogaenergyteam.com\/de\/profil\/vision-mission-werte\/","title":{"rendered":"vision mission werte"},"content":{"rendered":"<div  class='flex_column av-hqjaq-6186300ec255c0da2bc9a15d3c4d658f av_one_full  avia-builder-el-0  el_before_av_one_third  avia-builder-el-first  first flex_column_div  '     ><div  class='avia-slideshow av-h1hiu-58091e868ef49924eb44869018d29488 avia-slideshow-featured av_slideshow avia-fade-slider  avia-builder-el-1  avia-builder-el-no-sibling  av-slideshow-ui av-slideshow-autoplay av-loop-endless av-loop-manual-endless av-default-height-applied avia-slideshow-1' data-slideshow-options=\"{&quot;animation&quot;:&quot;fade&quot;,&quot;autoplay&quot;:true,&quot;loop_autoplay&quot;:&quot;endless&quot;,&quot;interval&quot;:3,&quot;loop_manual&quot;:&quot;manual-endless&quot;,&quot;autoplay_stopper&quot;:false,&quot;noNavigation&quot;:false,&quot;bg_slider&quot;:false,&quot;keep_padding&quot;:false,&quot;hoverpause&quot;:false,&quot;show_slide_delay&quot;:0}\"  itemprop=\"image\" itemscope=\"itemscope\" itemtype=\"https:\/\/schema.org\/ImageObject\" ><ul class='avia-slideshow-inner ' style='padding-bottom: 32.824427480916%;'><li  class='avia-slideshow-slide av-h1hiu-58091e868ef49924eb44869018d29488__0  slide-1 slide-odd'><div data-rel='slideshow-1' class='avia-slide-wrap '   ><img decoding=\"async\" fetchpriority=\"high\" class=\"wp-image-18084 avia-img-lazy-loading-not-18084\"  src=\"https:\/\/www.sogaenergyteam.com\/wp-content\/uploads\/2016\/01\/MISSION_3149-1310x430.jpg\" width=\"1310\" height=\"430\" title='mission soga energy team' alt=''  itemprop=\"thumbnailUrl\"   \/><\/div><\/li><li  class='avia-slideshow-slide av-h1hiu-58091e868ef49924eb44869018d29488__1  slide-2 slide-even'><div data-rel='slideshow-1' class='avia-slide-wrap '   ><img decoding=\"async\" fetchpriority=\"high\" class=\"wp-image-18083 avia-img-lazy-loading-not-18083\"  src=\"https:\/\/www.sogaenergyteam.com\/wp-content\/uploads\/2016\/01\/MISSION_3091-1310x430.jpg\" width=\"1310\" height=\"430\" title='MISSION_3091' alt=''  itemprop=\"thumbnailUrl\"   \/><\/div><\/li><li  class='avia-slideshow-slide av-h1hiu-58091e868ef49924eb44869018d29488__2  slide-3 slide-odd'><div data-rel='slideshow-1' class='avia-slide-wrap '   ><img decoding=\"async\" fetchpriority=\"high\" class=\"wp-image-18087 avia-img-lazy-loading-not-18087\"  src=\"https:\/\/www.sogaenergyteam.com\/wp-content\/uploads\/2016\/01\/MISSION_3502-1310x430.jpg\" width=\"1310\" height=\"430\" title='MISSION_3502' alt=''  itemprop=\"thumbnailUrl\"   \/><\/div><\/li><li  class='avia-slideshow-slide av-h1hiu-58091e868ef49924eb44869018d29488__3  slide-4 slide-even'><div data-rel='slideshow-1' class='avia-slide-wrap '   ><img decoding=\"async\" fetchpriority=\"high\" class=\"wp-image-18085 avia-img-lazy-loading-not-18085\"  src=\"https:\/\/www.sogaenergyteam.com\/wp-content\/uploads\/2016\/01\/MISSION_3344-1310x430.jpg\" width=\"1310\" height=\"430\" title='MISSION_3344' alt=''  itemprop=\"thumbnailUrl\"   \/><\/div><\/li><li  class='avia-slideshow-slide av-h1hiu-58091e868ef49924eb44869018d29488__4  slide-5 slide-odd'><div data-rel='slideshow-1' class='avia-slide-wrap '   ><img decoding=\"async\" fetchpriority=\"high\" class=\"wp-image-18086 avia-img-lazy-loading-not-18086\"  src=\"https:\/\/www.sogaenergyteam.com\/wp-content\/uploads\/2016\/01\/MISSION_3452-1310x430.jpg\" width=\"1310\" height=\"430\" title='MISSION_3452' alt=''  itemprop=\"thumbnailUrl\"   \/><\/div><\/li><li  class='avia-slideshow-slide av-h1hiu-58091e868ef49924eb44869018d29488__5  slide-6 slide-even'><div data-rel='slideshow-1' class='avia-slide-wrap '   ><img decoding=\"async\" fetchpriority=\"high\" class=\"wp-image-18088 avia-img-lazy-loading-not-18088\"  src=\"https:\/\/www.sogaenergyteam.com\/wp-content\/uploads\/2016\/01\/MISSION_3671-1310x430.jpg\" width=\"1310\" height=\"430\" title='MISSION_3671' alt=''  itemprop=\"thumbnailUrl\"   \/><\/div><\/li><\/ul><div class='avia-slideshow-arrows avia-slideshow-controls' ><a href='#prev' class='prev-slide  avia-svg-icon avia-font-svg_entypo-fontello' data-av_svg_icon='left-open-big' data-av_iconset='svg_entypo-fontello' tabindex='-1' title=\"Zur\u00fcck\"><svg version=\"1.1\" xmlns=\"http:\/\/www.w3.org\/2000\/svg\" width=\"15\" height=\"32\" viewBox=\"0 0 15 32\" preserveAspectRatio=\"xMidYMid meet\" aria-labelledby='av-svg-title-1' aria-describedby='av-svg-desc-1' role=\"graphics-symbol\" aria-hidden=\"true\">\n<title id='av-svg-title-1'>Zur\u00fcck<\/title>\n<desc id='av-svg-desc-1'>Zur\u00fcck<\/desc>\n<path d=\"M14.464 27.84q0.832 0.832 0 1.536-0.832 0.832-1.536 0l-12.544-12.608q-0.768-0.768 0-1.6l12.544-12.608q0.704-0.832 1.536 0 0.832 0.704 0 1.536l-11.456 11.904z\"><\/path>\n<\/svg><span class='avia_hidden_link_text'>Zur\u00fcck<\/span><\/a><a href='#next' class='next-slide  avia-svg-icon avia-font-svg_entypo-fontello' data-av_svg_icon='right-open-big' data-av_iconset='svg_entypo-fontello' tabindex='-1' title=\"Weiter\"><svg version=\"1.1\" xmlns=\"http:\/\/www.w3.org\/2000\/svg\" width=\"15\" height=\"32\" viewBox=\"0 0 15 32\" preserveAspectRatio=\"xMidYMid meet\" aria-labelledby='av-svg-title-2' aria-describedby='av-svg-desc-2' role=\"graphics-symbol\" aria-hidden=\"true\">\n<title id='av-svg-title-2'>Weiter<\/title>\n<desc id='av-svg-desc-2'>Weiter<\/desc>\n<path d=\"M0.416 27.84l11.456-11.84-11.456-11.904q-0.832-0.832 0-1.536 0.832-0.832 1.536 0l12.544 12.608q0.768 0.832 0 1.6l-12.544 12.608q-0.704 0.832-1.536 0-0.832-0.704 0-1.536z\"><\/path>\n<\/svg><span class='avia_hidden_link_text'>Weiter<\/span><\/a><\/div><div class='avia-slideshow-dots avia-slideshow-controls'><a href='#1' class='goto-slide active' >1<\/a><a href='#2' class='goto-slide ' >2<\/a><a href='#3' class='goto-slide ' >3<\/a><a href='#4' class='goto-slide ' >4<\/a><a href='#5' class='goto-slide ' >5<\/a><a href='#6' class='goto-slide ' >6<\/a><\/div><\/div><\/div>\n<div  class='flex_column av-cqlfy-ffefa30f0ec4b9074d79e10ce3f95d9d av_one_third  avia-builder-el-2  el_after_av_one_full  el_before_av_one_third  first flex_column_div  column-top-margin'     ><p>\n<style type=\"text\/css\" data-created_by=\"avia_inline_auto\" id=\"style-css-av-131id15-d2974183dc3176a47679e0a609415e4b\">\n#top .av-special-heading.av-131id15-d2974183dc3176a47679e0a609415e4b{\npadding-bottom:0;\ncolor:#3a4d5c;\nfont-size:50px;\n}\nbody .av-special-heading.av-131id15-d2974183dc3176a47679e0a609415e4b .av-special-heading-tag .heading-char{\nfont-size:25px;\n}\n#top #wrap_all .av-special-heading.av-131id15-d2974183dc3176a47679e0a609415e4b .av-special-heading-tag{\nfont-size:50px;\n}\n.av-special-heading.av-131id15-d2974183dc3176a47679e0a609415e4b .special-heading-inner-border{\nborder-color:#3a4d5c;\n}\n.av-special-heading.av-131id15-d2974183dc3176a47679e0a609415e4b .av-subheading{\nfont-size:15px;\n}\n\n@media only screen and (min-width: 480px) and (max-width: 767px){ \n#top #wrap_all .av-special-heading.av-131id15-d2974183dc3176a47679e0a609415e4b .av-special-heading-tag{\nfont-size:0.8em;\n}\n}\n\n@media only screen and (max-width: 479px){ \n#top #wrap_all .av-special-heading.av-131id15-d2974183dc3176a47679e0a609415e4b .av-special-heading-tag{\nfont-size:0.8em;\n}\n}\n<\/style>\n<div  class='av-special-heading av-131id15-d2974183dc3176a47679e0a609415e4b av-special-heading-h1 custom-color-heading blockquote modern-quote  avia-builder-el-3  el_before_av_textblock  avia-builder-el-first  av-inherit-size'><h1 class='av-special-heading-tag '  itemprop=\"headline\"  >VISION<\/h1><div class=\"special-heading-border\"><div class=\"special-heading-inner-border\"><\/div><\/div><\/div><br \/>\n<section  class='av_textblock_section av-bt5nu-e9ce6eeadeb86b4b003e8d3fce4b01f6 '   itemscope=\"itemscope\" itemtype=\"https:\/\/schema.org\/CreativeWork\" ><div class='avia_textblock'  itemprop=\"text\" ><p>Unsere Vision ist, ein technologisch f\u00fchrendes Unternehmen in den Branchen <em>Energie<\/em>\u00a0und <em>Automation<\/em> zu sein und innovative technische L\u00f6sungen zu konzipieren, umzusetzen und anzubieten, mit denen unsere Kunden ihre Wettbewerbsf\u00e4higkeit, Effizienz und Produktivit\u00e4t steigern k\u00f6nnen, <span class=\"VIiyi\" lang=\"de\"><span class=\"JLqJ4b ChMk0b\" data-language-for-alternatives=\"de\" data-language-to-translate-into=\"it\" data-phrase-index=\"0\">um in besonders herausfordernden und Nischenbereichen auf der ganzen Welt f\u00fchrend zu werden.<\/span><\/span><\/p>\n<\/div><\/section><\/p><\/div>\n\n<style type=\"text\/css\" data-created_by=\"avia_inline_auto\" id=\"style-css-av-az4n6-3146e513f5369b38ed9508ae255583ad\">\n.flex_column.av-az4n6-3146e513f5369b38ed9508ae255583ad{\nborder-radius:0px 0px 0px 0px;\npadding:0px 0px 0px 0px;\n}\n<\/style>\n<div  class='flex_column av-az4n6-3146e513f5369b38ed9508ae255583ad av_one_third  avia-builder-el-5  el_after_av_one_third  el_before_av_one_third  flex_column_div av-zero-column-padding  column-top-margin'     ><p>\n<style type=\"text\/css\" data-created_by=\"avia_inline_auto\" id=\"style-css-av-nlfi0p-0c87b99f027b1a4d7794eed99b9fa13a\">\n#top .av-special-heading.av-nlfi0p-0c87b99f027b1a4d7794eed99b9fa13a{\npadding-bottom:0;\ncolor:#3a4d5c;\nfont-size:50px;\n}\nbody .av-special-heading.av-nlfi0p-0c87b99f027b1a4d7794eed99b9fa13a .av-special-heading-tag .heading-char{\nfont-size:25px;\n}\n#top #wrap_all .av-special-heading.av-nlfi0p-0c87b99f027b1a4d7794eed99b9fa13a .av-special-heading-tag{\nfont-size:50px;\n}\n.av-special-heading.av-nlfi0p-0c87b99f027b1a4d7794eed99b9fa13a .special-heading-inner-border{\nborder-color:#3a4d5c;\n}\n.av-special-heading.av-nlfi0p-0c87b99f027b1a4d7794eed99b9fa13a .av-subheading{\nfont-size:15px;\n}\n\n@media only screen and (min-width: 480px) and (max-width: 767px){ \n#top #wrap_all .av-special-heading.av-nlfi0p-0c87b99f027b1a4d7794eed99b9fa13a .av-special-heading-tag{\nfont-size:0.8em;\n}\n}\n\n@media only screen and (max-width: 479px){ \n#top #wrap_all .av-special-heading.av-nlfi0p-0c87b99f027b1a4d7794eed99b9fa13a .av-special-heading-tag{\nfont-size:0.8em;\n}\n}\n<\/style>\n<div  class='av-special-heading av-nlfi0p-0c87b99f027b1a4d7794eed99b9fa13a av-special-heading-h1 custom-color-heading blockquote modern-quote  avia-builder-el-6  el_before_av_textblock  avia-builder-el-first  av-inherit-size'><h1 class='av-special-heading-tag '  itemprop=\"headline\"  >MISSION<\/h1><div class=\"special-heading-border\"><div class=\"special-heading-inner-border\"><\/div><\/div><\/div><br \/>\n<section  class='av_textblock_section av-9xbau-4946f204c021ae863fd6b918eee5bec4 '   itemscope=\"itemscope\" itemtype=\"https:\/\/schema.org\/CreativeWork\" ><div class='avia_textblock'  itemprop=\"text\" ><p><strong>CORE-PRODUKT<\/strong><br \/>\nWegweisender Player auf dem Markt der rotierenden elektrischen Maschinen und der elektronischen Motion-Control-Systeme, der Qualit\u00e4tsprodukte zum fairen Marktpreis mit einem schnellen Kundendienst und einem breiten Sortiment liefern kann.<\/p>\n<p><strong>ENTWICKLUNGSPROJEKTE<\/strong><br \/>\nIdeales Partnerunternehmen, das Elektromotoren, Wechselstromgeneratoren, Rotationsschwei\u00dfmaschinen, elektronische Hard- und Softwaresysteme entwickeln, anbieten und umsetzen kann, die sich durch technologische L\u00f6sungen mit hohem Innovationsgrad und hervorragender Qualit\u00e4t auszeichnen.<\/p>\n<\/div><\/section><\/p><\/div>\n\n<style type=\"text\/css\" data-created_by=\"avia_inline_auto\" id=\"style-css-av-98mhm-5b85788e46940aa67dc622d8eae6d5c0\">\n.flex_column.av-98mhm-5b85788e46940aa67dc622d8eae6d5c0{\nborder-radius:0px 0px 0px 0px;\npadding:0px 0px 0px 0px;\n}\n<\/style>\n<div  class='flex_column av-98mhm-5b85788e46940aa67dc622d8eae6d5c0 av_one_third  avia-builder-el-8  el_after_av_one_third  el_before_av_hr  flex_column_div av-zero-column-padding  column-top-margin'     ><p>\n<style type=\"text\/css\" data-created_by=\"avia_inline_auto\" id=\"style-css-av-qqyv2x-fef7e45c4db61f0a18f329ab7d6c2fb6\">\n#top .av-special-heading.av-qqyv2x-fef7e45c4db61f0a18f329ab7d6c2fb6{\npadding-bottom:0;\ncolor:#3a4d5c;\nfont-size:50px;\n}\nbody .av-special-heading.av-qqyv2x-fef7e45c4db61f0a18f329ab7d6c2fb6 .av-special-heading-tag .heading-char{\nfont-size:25px;\n}\n#top #wrap_all .av-special-heading.av-qqyv2x-fef7e45c4db61f0a18f329ab7d6c2fb6 .av-special-heading-tag{\nfont-size:50px;\n}\n.av-special-heading.av-qqyv2x-fef7e45c4db61f0a18f329ab7d6c2fb6 .special-heading-inner-border{\nborder-color:#3a4d5c;\n}\n.av-special-heading.av-qqyv2x-fef7e45c4db61f0a18f329ab7d6c2fb6 .av-subheading{\nfont-size:15px;\n}\n\n@media only screen and (min-width: 480px) and (max-width: 767px){ \n#top #wrap_all .av-special-heading.av-qqyv2x-fef7e45c4db61f0a18f329ab7d6c2fb6 .av-special-heading-tag{\nfont-size:0.8em;\n}\n}\n\n@media only screen and (max-width: 479px){ \n#top #wrap_all .av-special-heading.av-qqyv2x-fef7e45c4db61f0a18f329ab7d6c2fb6 .av-special-heading-tag{\nfont-size:0.8em;\n}\n}\n<\/style>\n<div  class='av-special-heading av-qqyv2x-fef7e45c4db61f0a18f329ab7d6c2fb6 av-special-heading-h1 custom-color-heading blockquote modern-quote  avia-builder-el-9  el_before_av_textblock  avia-builder-el-first  av-inherit-size'><h1 class='av-special-heading-tag '  itemprop=\"headline\"  >WERTE<\/h1><div class=\"special-heading-border\"><div class=\"special-heading-inner-border\"><\/div><\/div><\/div><br \/>\n<section  class='av_textblock_section av-7ymmi-30482e4e15d4c7a576e4815099dc775a '   itemscope=\"itemscope\" itemtype=\"https:\/\/schema.org\/CreativeWork\" ><div class='avia_textblock'  itemprop=\"text\" ><p><strong>INNOVATION<\/strong><br \/>\nWir verbessern unsere Produkte und Prozesse st\u00e4ndig, um neue, innovative L\u00f6sungen zu finden <span class=\"VIiyi\" lang=\"de\"><span class=\"JLqJ4b ChMk0b\" data-language-for-alternatives=\"de\" data-language-to-translate-into=\"it\" data-phrase-index=\"0\">und Kundenbed\u00fcrfnisse zu antizipieren.<\/span><\/span><\/p>\n<p><strong>ZUH\u00d6REN<\/strong><br \/>\nWir h\u00f6ren uns alle Vorschl\u00e4ge von Mitarbeitern, Kunden und Lieferanten aufmerksam und interessiert an, damit wir uns als Menschen und als Unternehmen weiterentwickeln.<\/p>\n<p><strong>RESPEKT<\/strong><br \/>\nWir achten die Menschen, ihre Arbeit, die zugewiesenen Rollen und die Regeln, die wir uns gegeben haben.<\/p>\n<p><span class=\"HwtZe\" lang=\"de\"><span class=\"jCAhz JxVs2d ChMk0b\"><span class=\"ryNqvb\">Wir entwickeln und produzieren umweltfreundliche Produkte, um den Planeten f\u00fcr zuk\u00fcnftige Generationen zu erhalten.<\/span><\/span><\/span><\/p>\n<p><strong>ZUSAMMENARBEIT<\/strong><br \/>\nWir glauben an die Zusammenarbeit und an Teamarbeit als Mittel, um gemeinsame Ziele zu erreichen.<\/p>\n<p><strong>LEIDENSCHAFT<\/strong><br \/>\nWir bringen Herz und Begeisterung in alles ein, was wir tun, denn wir lieben unsere Arbeit und wollen sie bestm\u00f6glich ausf\u00fchren.<\/p>\n<\/div><\/section><\/p><\/div>\n\n<style type=\"text\/css\" data-created_by=\"avia_inline_auto\" id=\"style-css-av-7a52e-ec874e2ade4c5ac4e03881ef9b6c9da3\">\n#top .hr.hr-invisible.av-7a52e-ec874e2ade4c5ac4e03881ef9b6c9da3{\nheight:20px;\n}\n<\/style>\n<div  class='hr av-7a52e-ec874e2ade4c5ac4e03881ef9b6c9da3 hr-invisible  avia-builder-el-11  el_after_av_one_third  avia-builder-el-last '><span class='hr-inner '><span class=\"hr-inner-style\"><\/span><\/span><\/div>\n","protected":false},"excerpt":{"rendered":"","protected":false},"author":1,"featured_media":0,"parent":17173,"menu_order":0,"comment_status":"closed","ping_status":"closed","template":"","meta":{"footnotes":""},"class_list":["post-17177","page","type-page","status-publish","hentry"],"yoast_head":"<!-- This site is optimized with the Yoast SEO plugin v27.1.1 - https:\/\/yoast.com\/product\/yoast-seo-wordpress\/ -->\n<title>vision mission werte - www.sogaenergyteam.com<\/title>\n<meta name=\"description\" content=\"Elektromotoren, Wechselstromgeneratoren, Schwei\u00dfmaschinen, Permanentmagnetgeneratoren, Zapfwellengeneratoren, rotierende Schwei\u00dfer\" \/>\n<meta name=\"robots\" content=\"index, follow, max-snippet:-1, max-image-preview:large, max-video-preview:-1\" \/>\n<link rel=\"canonical\" href=\"https:\/\/www.sogaenergyteam.com\/de\/profil\/vision-mission-werte\/\" \/>\n<meta property=\"og:locale\" content=\"de_DE\" \/>\n<meta property=\"og:type\" content=\"article\" \/>\n<meta property=\"og:title\" content=\"vision mission werte - www.sogaenergyteam.com\" \/>\n<meta property=\"og:description\" content=\"Elektromotoren, Wechselstromgeneratoren, Schwei\u00dfmaschinen, Permanentmagnetgeneratoren, Zapfwellengeneratoren, rotierende Schwei\u00dfer\" \/>\n<meta property=\"og:url\" content=\"https:\/\/www.sogaenergyteam.com\/de\/profil\/vision-mission-werte\/\" \/>\n<meta property=\"og:site_name\" content=\"www.sogaenergyteam.com\" \/>\n<meta property=\"article:modified_time\" content=\"2024-10-09T14:30:21+00:00\" \/>\n<meta name=\"twitter:card\" content=\"summary_large_image\" \/>\n<meta name=\"twitter:label1\" content=\"Gesch\u00e4tzte Lesezeit\" \/>\n\t<meta name=\"twitter:data1\" content=\"3\u00a0Minuten\" \/>\n<script type=\"application\/ld+json\" class=\"yoast-schema-graph\">{\"@context\":\"https:\/\/schema.org\",\"@graph\":[{\"@type\":\"WebPage\",\"@id\":\"https:\/\/www.sogaenergyteam.com\/de\/profil\/vision-mission-werte\/\",\"url\":\"https:\/\/www.sogaenergyteam.com\/de\/profil\/vision-mission-werte\/\",\"name\":\"vision mission werte - www.sogaenergyteam.com\",\"isPartOf\":{\"@id\":\"https:\/\/www.sogaenergyteam.com\/it\/#website\"},\"datePublished\":\"2015-10-27T16:16:37+00:00\",\"dateModified\":\"2024-10-09T14:30:21+00:00\",\"description\":\"Elektromotoren, Wechselstromgeneratoren, Schwei\u00dfmaschinen, Permanentmagnetgeneratoren, Zapfwellengeneratoren, rotierende Schwei\u00dfer\",\"breadcrumb\":{\"@id\":\"https:\/\/www.sogaenergyteam.com\/de\/profil\/vision-mission-werte\/#breadcrumb\"},\"inLanguage\":\"de\",\"potentialAction\":[{\"@type\":\"ReadAction\",\"target\":[\"https:\/\/www.sogaenergyteam.com\/de\/profil\/vision-mission-werte\/\"]}]},{\"@type\":\"BreadcrumbList\",\"@id\":\"https:\/\/www.sogaenergyteam.com\/de\/profil\/vision-mission-werte\/#breadcrumb\",\"itemListElement\":[{\"@type\":\"ListItem\",\"position\":1,\"name\":\"Home\",\"item\":\"https:\/\/www.sogaenergyteam.com\/de\/home\/\"},{\"@type\":\"ListItem\",\"position\":2,\"name\":\"profil\",\"item\":\"https:\/\/www.sogaenergyteam.com\/de\/profil\/\"},{\"@type\":\"ListItem\",\"position\":3,\"name\":\"vision mission werte\"}]},{\"@type\":\"WebSite\",\"@id\":\"https:\/\/www.sogaenergyteam.com\/it\/#website\",\"url\":\"https:\/\/www.sogaenergyteam.com\/it\/\",\"name\":\"www.sogaenergyteam.com\",\"description\":\"motori elettrici alternatori\",\"potentialAction\":[{\"@type\":\"SearchAction\",\"target\":{\"@type\":\"EntryPoint\",\"urlTemplate\":\"https:\/\/www.sogaenergyteam.com\/it\/?s={search_term_string}\"},\"query-input\":{\"@type\":\"PropertyValueSpecification\",\"valueRequired\":true,\"valueName\":\"search_term_string\"}}],\"inLanguage\":\"de\"}]}<\/script>\n<!-- \/ Yoast SEO plugin. -->","yoast_head_json":{"title":"vision mission werte - www.sogaenergyteam.com","description":"Elektromotoren, Wechselstromgeneratoren, Schwei\u00dfmaschinen, Permanentmagnetgeneratoren, Zapfwellengeneratoren, rotierende Schwei\u00dfer","robots":{"index":"index","follow":"follow","max-snippet":"max-snippet:-1","max-image-preview":"max-image-preview:large","max-video-preview":"max-video-preview:-1"},"canonical":"https:\/\/www.sogaenergyteam.com\/de\/profil\/vision-mission-werte\/","og_locale":"de_DE","og_type":"article","og_title":"vision mission werte - www.sogaenergyteam.com","og_description":"Elektromotoren, Wechselstromgeneratoren, Schwei\u00dfmaschinen, Permanentmagnetgeneratoren, Zapfwellengeneratoren, rotierende Schwei\u00dfer","og_url":"https:\/\/www.sogaenergyteam.com\/de\/profil\/vision-mission-werte\/","og_site_name":"www.sogaenergyteam.com","article_modified_time":"2024-10-09T14:30:21+00:00","twitter_card":"summary_large_image","twitter_misc":{"Gesch\u00e4tzte Lesezeit":"3\u00a0Minuten"},"schema":{"@context":"https:\/\/schema.org","@graph":[{"@type":"WebPage","@id":"https:\/\/www.sogaenergyteam.com\/de\/profil\/vision-mission-werte\/","url":"https:\/\/www.sogaenergyteam.com\/de\/profil\/vision-mission-werte\/","name":"vision mission werte - www.sogaenergyteam.com","isPartOf":{"@id":"https:\/\/www.sogaenergyteam.com\/it\/#website"},"datePublished":"2015-10-27T16:16:37+00:00","dateModified":"2024-10-09T14:30:21+00:00","description":"Elektromotoren, Wechselstromgeneratoren, Schwei\u00dfmaschinen, Permanentmagnetgeneratoren, Zapfwellengeneratoren, rotierende Schwei\u00dfer","breadcrumb":{"@id":"https:\/\/www.sogaenergyteam.com\/de\/profil\/vision-mission-werte\/#breadcrumb"},"inLanguage":"de","potentialAction":[{"@type":"ReadAction","target":["https:\/\/www.sogaenergyteam.com\/de\/profil\/vision-mission-werte\/"]}]},{"@type":"BreadcrumbList","@id":"https:\/\/www.sogaenergyteam.com\/de\/profil\/vision-mission-werte\/#breadcrumb","itemListElement":[{"@type":"ListItem","position":1,"name":"Home","item":"https:\/\/www.sogaenergyteam.com\/de\/home\/"},{"@type":"ListItem","position":2,"name":"profil","item":"https:\/\/www.sogaenergyteam.com\/de\/profil\/"},{"@type":"ListItem","position":3,"name":"vision mission werte"}]},{"@type":"WebSite","@id":"https:\/\/www.sogaenergyteam.com\/it\/#website","url":"https:\/\/www.sogaenergyteam.com\/it\/","name":"www.sogaenergyteam.com","description":"motori elettrici alternatori","potentialAction":[{"@type":"SearchAction","target":{"@type":"EntryPoint","urlTemplate":"https:\/\/www.sogaenergyteam.com\/it\/?s={search_term_string}"},"query-input":{"@type":"PropertyValueSpecification","valueRequired":true,"valueName":"search_term_string"}}],"inLanguage":"de"}]}},"_links":{"self":[{"href":"https:\/\/www.sogaenergyteam.com\/de\/wp-json\/wp\/v2\/pages\/17177","targetHints":{"allow":["GET"]}}],"collection":[{"href":"https:\/\/www.sogaenergyteam.com\/de\/wp-json\/wp\/v2\/pages"}],"about":[{"href":"https:\/\/www.sogaenergyteam.com\/de\/wp-json\/wp\/v2\/types\/page"}],"author":[{"embeddable":true,"href":"https:\/\/www.sogaenergyteam.com\/de\/wp-json\/wp\/v2\/users\/1"}],"replies":[{"embeddable":true,"href":"https:\/\/www.sogaenergyteam.com\/de\/wp-json\/wp\/v2\/comments?post=17177"}],"version-history":[{"count":7,"href":"https:\/\/www.sogaenergyteam.com\/de\/wp-json\/wp\/v2\/pages\/17177\/revisions"}],"predecessor-version":[{"id":31011,"href":"https:\/\/www.sogaenergyteam.com\/de\/wp-json\/wp\/v2\/pages\/17177\/revisions\/31011"}],"up":[{"embeddable":true,"href":"https:\/\/www.sogaenergyteam.com\/de\/wp-json\/wp\/v2\/pages\/17173"}],"wp:attachment":[{"href":"https:\/\/www.sogaenergyteam.com\/de\/wp-json\/wp\/v2\/media?parent=17177"}],"curies":[{"name":"wp","href":"https:\/\/api.w.org\/{rel}","templated":true}]}}