{"id":2995,"date":"2016-03-29T09:51:11","date_gmt":"2016-03-29T07:51:11","guid":{"rendered":"http:\/\/www.sogaenergyteam.com\/?page_id=2995&#038;lang=it"},"modified":"2024-06-04T12:58:37","modified_gmt":"2024-06-04T10:58:37","slug":"condizioni-generali-fornitura","status":"publish","type":"page","link":"https:\/\/www.sogaenergyteam.com\/it\/condizioni-generali-fornitura\/","title":{"rendered":"condizioni generali di fornitura"},"content":{"rendered":"<div  class='flex_column av-4dragz-f363f07598b1408d0e6b24e4bea3b9e4 av_one_full  avia-builder-el-0  avia-builder-el-no-sibling  first flex_column_div  '     ><section  class='av_textblock_section av-2sgyn7-dab383eb105948df38288f0ae323fb4a '   itemscope=\"itemscope\" itemtype=\"https:\/\/schema.org\/CreativeWork\" ><div class='avia_textblock'  itemprop=\"text\" ><h2><strong>CONDIZIONI GENERALI DI FORNITURA SOGA SpA<\/strong><\/h2>\n<\/div><\/section><br \/>\n<div  class='hr av-363seb-ecb94640caecdb2896546c30bef780f2 hr-default  avia-builder-el-2  el_after_av_textblock  el_before_av_textblock '><span class='hr-inner '><span class=\"hr-inner-style\"><\/span><\/span><\/div><br \/>\n<section  class='av_textblock_section av-2sgyn7-1-2ad8c2b3d75ff708b86f0982dfcb27e2 '   itemscope=\"itemscope\" itemtype=\"https:\/\/schema.org\/CreativeWork\" ><div class='avia_textblock'  itemprop=\"text\" ><h3><strong>1. <\/strong><strong>OFFERTE<\/strong><\/h3>\n<p>Le offerte commerciali hanno una validit\u00e0 di 30 giorni dalla data di invio, trascorsi i quali non saranno pi\u00f9 impegnative per SOGA.<\/p>\n<h3><strong>2. ACCETTAZIONE E CONFERMA DEGLI ORDINI<\/strong><\/h3>\n<p>Per facilitare il corretto inserimento degli ordini da parte dell\u2019Ufficio Commerciale di SOGA consigliamo di inviare gli ordini di acquisto specificando nel modo pi\u00f9 completo e chiaro possibile la configurazione desiderata dei prodotti (modello, potenza, forma costruttiva, quadri, accessori a corredo della macchina, eventuali caratteristiche e voltaggi speciali) e le caratteristiche dei pezzi di ricambio. Una volta emessa la conferma d\u2019ordine scritta da parte di SOGA, inviata al Cliente via e-mail, gli ordini diventano impegnativi e le presenti condizioni di fornitura sono vincolanti e automaticamente accettate. Suggeriamo altres\u00ec di controllare la conferma d\u2019ordine ricevuta (caratteristiche della macchina e condizioni commerciali) al fine di comunicare eventuali discordanze al nostro Ufficio Commerciale entro 2 giorni dal ricevimento della stessa.<\/p>\n<h3><strong>3. PREZZI E SCONTI<\/strong><\/h3>\n<p>L\u2019importo minimo ordinabile \u00e8 di 150,00 \u20ac netti, sia che si tratti di prodotti finiti che di ricambi. Non sono concessi arrotondamenti e deduzioni ai prezzi se non preventivamente autorizzati da parte di SOGA. I prezzi non includono l\u2019 I.V.A. Gli sconti vengono applicati ai prezzi di listino tenendo conto delle condizioni commerciali standard del Cliente fissate da SOGA. Possono essere applicati speciali prezzi netti, sconti ed extra sconti solo previa autorizzazione scritta da parte di SOGA. SOGA si riserva la facolt\u00e0 di modificare o aggiornare i propri listini in qualsiasi momento senza preavviso.<\/p>\n<h3><strong>4. DATA DI CONSEGNA<\/strong><\/h3>\n<p>I termini di consegna indicati nella conferma d\u2019ordine si intendono indicativi in quanto eventuali ritardi nella consegna da parte di SOGA potrebbero essere dovuti ai seguenti motivi:<\/p>\n<p>1) causa di forza maggiore come scioperi, incendi, mancanza di energia e ogni altro evento contingente, non imputabile alla volont\u00e0 dell\u2019azienda;<\/p>\n<p>2) ritardi da parte dei nostri fornitori e difficolt\u00e0 di approvvigionamento delle materie prime;<\/p>\n<p>3) errori o ritardi nelle segnalazioni da parte del Cliente e nella trasmissione delle indicazioni necessarie\u00a0 all\u2019esecuzione dell\u2019ordine;<\/p>\n<p>4) modifiche all\u2019ordine effettuate da parte del Cliente dopo l\u2019emissione della conferma d\u2019ordine;<\/p>\n<p>5) inadempienza alle condizioni di pagamento da parte del Cliente o sua esposizione finanziaria giudicata da SOGA come non pi\u00f9 sostenibile.<\/p>\n<p>In caso di eventuale ritardo non verr\u00e0 corrisposta alcuna penalit\u00e0 al Cliente. La merce si intende consegnata quando viene messa a disposizione per il ritiro da parte del Cliente o con la consegna al Vettore o Spedizioniere.<\/p>\n<h3><strong>5. IMBALLAGGIO<\/strong><\/h3>\n<p>I prezzi a listino includono un imballo standard fornito da SOGA per i propri prodotti e i pezzi di ricambio, le cui dimensioni e peso sono stati stabiliti anticipatamente da SOGA. Tutti i nostri bancali e casse sono fumigati. Forme di imballo richieste dal Cliente diverse dallo standard verranno addebitate in fattura.<\/p>\n<h3><strong>6. TERMINI DI CONSEGNA<\/strong><\/h3>\n<p>La merce viene spedita al Cliente sulla base degli Incoterms<span class=\"st\">\u00ae<\/span> 2020 concordati tra SOGA e il Cliente in fase di offerta commerciale o sulla base delle condizioni commerciali standard riservate al Cliente. Rese diverse o specifiche devono sempre essere concordate o autorizzate preventivamente. Eventuali danni, ammanchi o manomissioni del materiale ricevuto devono essere notificati tempestivamente dal destinatario direttamente al Vettore (in caso di spedizione con resa FCA), o direttamente a SOGA (in caso di spedizione a carico nostro). Nel caso in cui al ricevimento della merce si verifichino scambi o discordanze tra i modelli e\/o le quantit\u00e0 ordinate e ricevute, Vi preghiamo di contattarci per iscritto: \u2022 <a href=\"mailto:sales.soga@sogaenergyteam.com\">sales.soga@sogaenergyteam.com<\/a> (prodotti Soga e Sogaenergies) \u2022 <a href=\"mailto:sales.sincro@sogaenergyteam.com\">sales.sincro@sogaenergyteam.com<\/a> (prodotti Sincro e Agrowatt).<\/p>\n<h3><strong>\u00a0<\/strong><strong>7. PAGAMENTO<\/strong><\/h3>\n<p>Dopo l\u2019emissione della fattura, il pagamento deve essere effettuato direttamente a SOGA sulla base della condizione di pagamento stabilita nella fattura stessa. Non sono ammessi ritardi nel pagamento. In caso di ritardato o mancato pagamento SOGA si riserva il diritto di sospendere la produzione e\/o di bloccare la consegna della merce ancora eventualmente in ordine, e di addebitare gli interessi in ragione del 5% annuo oltre il tasso ufficiale di sconto in vigore al momento della scadenza.<\/p>\n<h3><strong>8. ASSISTENZA<\/strong><\/h3>\n<p>Il Servizio di Assistenza SOGA fornisce completa consulenza tecnica. Assicurarsi, per richieste di Assistenza in garanzia, di disporre dei dati identificativi della macchina, del suo numero di serie e del numero dell\u2019ordine di produzione riportati sull\u2019etichetta adesiva. La lista dei centri di as\u00adsistenza autorizzati \u00e8 disponibile nel sito internet www.sogaenergyteam.com. Nel caso di guasti o anomalie di funzionamento dei prodotti SOGA, il Cliente \u00e8 invitato a interpellare il\u00a0 Servizio Assistenza telefonando allo +39 0444 747700 (prodotti Soga e Sogaenergies) o allo +39 0445 450500 (prodotti Sincro e Agrowatt). Se, dopo tale contatto, risultasse necessaria la restituzione del prodotto, il Servizio Assistenza SOGA fornir\u00e0 al Cliente un numero di \u201cRientro Materiale Autorizzato\u201d (RMA), che dovr\u00e0 essere riportato sui documenti di accompagnamento del materiale. Prodotti resi senza aver eseguito la descritta procedura verranno respinti al mittente dal magazzino accettazione. Prima di procedere a riparazioni verr\u00e0 comunque comunicato un preventivo e si attender\u00e0 l\u2019autorizzazione da parte del Cliente.<\/p>\n<h3><strong>9. RESA DELLA MERCE PER RIPARAZIONE<\/strong><\/h3>\n<p>La merce resa viaggia esclusivamente a spese e a rischio del Cliente indipendentemente dalla concessione dell\u2019intervento in garanzia. Curare che le macchine siano in ordine e pulite. Si raccomanda di restituire il materiale entro un imballo adeguato, curando di proteggere il prodotto dagli urti.<\/p>\n<h3><strong>10. GARANZIA<\/strong><\/h3>\n<p>SOGA garantisce ai propri Clienti i propri prodotti contro guasti o malfunzionamenti derivanti dal difetto di costruzione o dei materiali come segue: gli alternatori e i motori sono garantiti per un periodo di 18 mesi a decorrere dalla data di fatturazione, oppure di 12 mesi a decorrere dalla data di prima messa in funzione, a seconda di quale delle due avvenga per prima; i generatori Agrowatt hanno garanzia di 24 mesi dalla data di fatturazione. Si precisa che detta garanzia \u00e8 rivolta ai soli Clienti di SOGA ai quali direttamente risponde. SOGA\u00a0 non riconosce direttamente la garanzia ad alcun soggetto che, pur in possesso dei suoi prodotti, non li abbia da essa acquistati direttamente. Entro i suddetti termini SOGA si impegna a fornire gratuitamente pezzi di ricambio di quelle parti che, a giudizio di SOGA o di un suo rappresentante autorizzato, presentino difetti di fabbricazione o di materiale oppure, a suo giudizio, ad effettuarne la riparazione direttamente o per mezzo di officine autorizzate senza assumersi alcun onere per il trasporto. Rimane comunque esclusa qualsiasi altra forma di responsabilit\u00e0 o obbligazione per altre spese, danni e perdite dirette o indirette derivanti dall\u2019uso o dalla impossibilit\u00e0 d\u2019uso dei prodotti, sia totale che parziale. La riparazione o la fornitura sostitutiva non prolungher\u00e0, n\u00e9 rinnover\u00e0 la durata del periodo di garanzia. La garanzia decadr\u00e0: qualora si manifestassero inconvenienti o guasti dovuti ad imperizia, utilizzo oltre ai limiti delle prestazioni nominali, se il prodotto avesse subito modifiche o se dovesse ritornare disassemblato o con dati di targa alterati o manomessi.<\/p>\n<h3><strong>\u00a011. <\/strong><strong>UTILIZZO DEI MARCHI<br \/>\n<\/strong><\/h3>\n<p>SOGA \u00e8 proprietaria dei marchi registrati SOGA<sup>\u00ae<\/sup>, SINCRO<sup>\u00ae<\/sup>, AGROWATT<sup>\u00ae<\/sup> e quindi ne detiene tutti i diritti, relativi ad ogni tipo di utilizzo. Solo i clienti e i partner commerciali di SOGA possono utilizzare i suddetti marchi e relativi loghi ma esclusivamente per promuovere i prodotti originali Soga SpA a cui i marchi fanno riferimento e, comunque, nei limiti previsti dalla Legge e previa autorizzazione di SOGA. SOGA vieta di registrare domini e siti internet relativi ai propri marchi senza preventiva autorizzazione scritta, riservandosi di registrarli a proprio nome. L\u2019utilizzo improprio di qualsiasi dei suddetti marchi registrati e, in primis, l\u2019utilizzo degli stessi per trarre vantaggio nel promuovere prodotti concorrenti, comporter\u00e0 severe azioni di tutela da parte di SOGA.<\/p>\n<h3><strong>12. LEGISLAZIONE E FORO COMPETENTE <\/strong><\/h3>\n<p>Le presenti Condizioni generali di fornitura sono regolate dalla Legge Italiana. Qualsiasi controversia sar\u00e0 regolata dal giudice del luogo in cui si trova la sede legale di SOGA; la competenza territoriale \u00e8 esclusivamente quella del Tribunale di Vicenza.<\/p>\n<h3><strong>Parte integrante delle presenti Condizioni di Fornitura:<\/strong><\/h3>\n<h3><strong>SANZIONI EUROPEE CONTRO LA RUSSIA<\/strong><\/h3>\n<p>1. I prodotti di SOGA SpA sono soggetti alle sanzioni dell&#8217;UE contro la Russia ai sensi del Regolamento (UE) 833\/2014, incluso ma non limitato all&#8217;Art. 3k in combinazione con l&#8217;Allegato XXIII del Regolamento, art.12g del Regolamento.<\/p>\n<p>2. L&#8217;importatore\/acquirente non potr\u00e0 vendere, esportare o riesportare, direttamente o indirettamente, qualsiasi merce fornita da SOGA SpA in Russia e Bielorussia o per l&#8217;utilizzo in Russia e Bielorussia.<\/p>\n<p>3. In caso di violazione delle sanzioni UE, l&#8217;importatore\/acquirente dovr\u00e0 risarcire e tenere indenne SOGA SpA da e contro qualsiasi reclamo, procedimento, azione, multa, perdita, costo e danno derivante da o relativo a ogni violazione colposa degli obblighi di cui sopra. L&#8217;importatore\/acquirente dovr\u00e0 risarcire SOGA SpA per tutte le perdite e le spese che ne derivano, in particolare i costi e le spese di ogni eventuale difesa legale nonch\u00e9 eventuali multe o sanzioni imposte dalle autorit\u00e0. Tale disposizione non comporta un&#8217;inversione dell&#8217;onere della prova.<\/p>\n<\/div><\/section><\/p><\/div>\n","protected":false},"excerpt":{"rendered":"","protected":false},"author":1,"featured_media":0,"parent":0,"menu_order":0,"comment_status":"closed","ping_status":"closed","template":"","meta":{"footnotes":""},"class_list":["post-2995","page","type-page","status-publish","hentry"],"yoast_head":"<!-- This site is optimized with the Yoast SEO plugin v27.1.1 - https:\/\/yoast.com\/product\/yoast-seo-wordpress\/ -->\n<title>condizioni generali di fornitura - www.sogaenergyteam.com<\/title>\n<meta name=\"robots\" content=\"index, follow, max-snippet:-1, max-image-preview:large, max-video-preview:-1\" \/>\n<link rel=\"canonical\" href=\"https:\/\/www.sogaenergyteam.com\/it\/condizioni-generali-fornitura\/\" \/>\n<meta property=\"og:locale\" content=\"it_IT\" \/>\n<meta property=\"og:type\" content=\"article\" \/>\n<meta property=\"og:title\" content=\"condizioni generali di fornitura - www.sogaenergyteam.com\" \/>\n<meta property=\"og:url\" content=\"https:\/\/www.sogaenergyteam.com\/it\/condizioni-generali-fornitura\/\" \/>\n<meta property=\"og:site_name\" content=\"www.sogaenergyteam.com\" \/>\n<meta property=\"article:modified_time\" content=\"2024-06-04T10:58:37+00:00\" \/>\n<meta name=\"twitter:card\" content=\"summary_large_image\" \/>\n<meta name=\"twitter:label1\" content=\"Tempo di lettura stimato\" \/>\n\t<meta name=\"twitter:data1\" content=\"7 minuti\" \/>\n<script type=\"application\/ld+json\" class=\"yoast-schema-graph\">{\"@context\":\"https:\/\/schema.org\",\"@graph\":[{\"@type\":\"WebPage\",\"@id\":\"https:\/\/www.sogaenergyteam.com\/it\/condizioni-generali-fornitura\/\",\"url\":\"https:\/\/www.sogaenergyteam.com\/it\/condizioni-generali-fornitura\/\",\"name\":\"condizioni generali di fornitura - www.sogaenergyteam.com\",\"isPartOf\":{\"@id\":\"https:\/\/www.sogaenergyteam.com\/it\/#website\"},\"datePublished\":\"2016-03-29T07:51:11+00:00\",\"dateModified\":\"2024-06-04T10:58:37+00:00\",\"breadcrumb\":{\"@id\":\"https:\/\/www.sogaenergyteam.com\/it\/condizioni-generali-fornitura\/#breadcrumb\"},\"inLanguage\":\"it-IT\",\"potentialAction\":[{\"@type\":\"ReadAction\",\"target\":[\"https:\/\/www.sogaenergyteam.com\/it\/condizioni-generali-fornitura\/\"]}]},{\"@type\":\"BreadcrumbList\",\"@id\":\"https:\/\/www.sogaenergyteam.com\/it\/condizioni-generali-fornitura\/#breadcrumb\",\"itemListElement\":[{\"@type\":\"ListItem\",\"position\":1,\"name\":\"Home\",\"item\":\"https:\/\/www.sogaenergyteam.com\/it\/home\/\"},{\"@type\":\"ListItem\",\"position\":2,\"name\":\"condizioni generali di fornitura\"}]},{\"@type\":\"WebSite\",\"@id\":\"https:\/\/www.sogaenergyteam.com\/it\/#website\",\"url\":\"https:\/\/www.sogaenergyteam.com\/it\/\",\"name\":\"www.sogaenergyteam.com\",\"description\":\"motori elettrici alternatori\",\"potentialAction\":[{\"@type\":\"SearchAction\",\"target\":{\"@type\":\"EntryPoint\",\"urlTemplate\":\"https:\/\/www.sogaenergyteam.com\/it\/?s={search_term_string}\"},\"query-input\":{\"@type\":\"PropertyValueSpecification\",\"valueRequired\":true,\"valueName\":\"search_term_string\"}}],\"inLanguage\":\"it-IT\"}]}<\/script>\n<!-- \/ Yoast SEO plugin. -->","yoast_head_json":{"title":"condizioni generali di fornitura - www.sogaenergyteam.com","robots":{"index":"index","follow":"follow","max-snippet":"max-snippet:-1","max-image-preview":"max-image-preview:large","max-video-preview":"max-video-preview:-1"},"canonical":"https:\/\/www.sogaenergyteam.com\/it\/condizioni-generali-fornitura\/","og_locale":"it_IT","og_type":"article","og_title":"condizioni generali di fornitura - www.sogaenergyteam.com","og_url":"https:\/\/www.sogaenergyteam.com\/it\/condizioni-generali-fornitura\/","og_site_name":"www.sogaenergyteam.com","article_modified_time":"2024-06-04T10:58:37+00:00","twitter_card":"summary_large_image","twitter_misc":{"Tempo di lettura stimato":"7 minuti"},"schema":{"@context":"https:\/\/schema.org","@graph":[{"@type":"WebPage","@id":"https:\/\/www.sogaenergyteam.com\/it\/condizioni-generali-fornitura\/","url":"https:\/\/www.sogaenergyteam.com\/it\/condizioni-generali-fornitura\/","name":"condizioni generali di fornitura - www.sogaenergyteam.com","isPartOf":{"@id":"https:\/\/www.sogaenergyteam.com\/it\/#website"},"datePublished":"2016-03-29T07:51:11+00:00","dateModified":"2024-06-04T10:58:37+00:00","breadcrumb":{"@id":"https:\/\/www.sogaenergyteam.com\/it\/condizioni-generali-fornitura\/#breadcrumb"},"inLanguage":"it-IT","potentialAction":[{"@type":"ReadAction","target":["https:\/\/www.sogaenergyteam.com\/it\/condizioni-generali-fornitura\/"]}]},{"@type":"BreadcrumbList","@id":"https:\/\/www.sogaenergyteam.com\/it\/condizioni-generali-fornitura\/#breadcrumb","itemListElement":[{"@type":"ListItem","position":1,"name":"Home","item":"https:\/\/www.sogaenergyteam.com\/it\/home\/"},{"@type":"ListItem","position":2,"name":"condizioni generali di fornitura"}]},{"@type":"WebSite","@id":"https:\/\/www.sogaenergyteam.com\/it\/#website","url":"https:\/\/www.sogaenergyteam.com\/it\/","name":"www.sogaenergyteam.com","description":"motori elettrici alternatori","potentialAction":[{"@type":"SearchAction","target":{"@type":"EntryPoint","urlTemplate":"https:\/\/www.sogaenergyteam.com\/it\/?s={search_term_string}"},"query-input":{"@type":"PropertyValueSpecification","valueRequired":true,"valueName":"search_term_string"}}],"inLanguage":"it-IT"}]}},"_links":{"self":[{"href":"https:\/\/www.sogaenergyteam.com\/it\/wp-json\/wp\/v2\/pages\/2995","targetHints":{"allow":["GET"]}}],"collection":[{"href":"https:\/\/www.sogaenergyteam.com\/it\/wp-json\/wp\/v2\/pages"}],"about":[{"href":"https:\/\/www.sogaenergyteam.com\/it\/wp-json\/wp\/v2\/types\/page"}],"author":[{"embeddable":true,"href":"https:\/\/www.sogaenergyteam.com\/it\/wp-json\/wp\/v2\/users\/1"}],"replies":[{"embeddable":true,"href":"https:\/\/www.sogaenergyteam.com\/it\/wp-json\/wp\/v2\/comments?post=2995"}],"version-history":[{"count":14,"href":"https:\/\/www.sogaenergyteam.com\/it\/wp-json\/wp\/v2\/pages\/2995\/revisions"}],"predecessor-version":[{"id":29949,"href":"https:\/\/www.sogaenergyteam.com\/it\/wp-json\/wp\/v2\/pages\/2995\/revisions\/29949"}],"wp:attachment":[{"href":"https:\/\/www.sogaenergyteam.com\/it\/wp-json\/wp\/v2\/media?parent=2995"}],"curies":[{"name":"wp","href":"https:\/\/api.w.org\/{rel}","templated":true}]}}